{"id":279,"date":"2026-02-21T12:29:12","date_gmt":"2026-02-21T11:29:12","guid":{"rendered":"https:\/\/peladillocreativo.com\/?page_id=279"},"modified":"2026-02-21T12:29:12","modified_gmt":"2026-02-21T11:29:12","slug":"aviso-legal","status":"publish","type":"page","link":"https:\/\/peladillocreativo.com\/en\/aviso-legal\/","title":{"rendered":"Aviso Legal"},"content":{"rendered":"<h3 class=\"wp-block-heading\">1. Informaci\u00f3n Identificativa<\/h3>\n\n\n\n<p>En cumplimiento con el deber de informaci\u00f3n recogido en el art\u00edculo 10 de la Ley 34\/2002, de 11 de julio, de Servicios de la Sociedad de la Informaci\u00f3n y del Comercio Electr\u00f3nico, a continuaci\u00f3n se reflejan los siguientes datos:<\/p>\n\n\n\n<ul class=\"wp-block-list\">\n<li><strong>Titular:<\/strong> Eduardo Jos\u00e9 Gonz\u00e1lez Casal (en adelante, <strong>Peladillo Creativo<\/strong>).<\/li>\n\n\n\n<li><strong>NIF:<\/strong> 44807626S<\/li>\n\n\n\n<li><strong>Domicilio:<\/strong> Avda de Ferrol n\u00ba 47 \u2013 4 I, 15706 Santiago de Compostela, Espa\u00f1a.<\/li>\n\n\n\n<li><strong>Correo electr\u00f3nico de contacto:<\/strong> hola@peladillocreativo.com<\/li>\n\n\n\n<li><strong>Sitio Web:<\/strong> <a href=\"https:\/\/peladillocreativo.com\/en\/\" target=\"_blank\" rel=\"noreferrer noopener\">https:\/\/peladillocreativo.com<\/a><\/li>\n<\/ul>\n\n\n\n<h3 class=\"wp-block-heading\">2. Usuarios<\/h3>\n\n\n\n<p>El acceso y\/o uso de este portal de <strong>Peladillo Creativo<\/strong> atribuye la condici\u00f3n de USUARIO, que acepta, desde dicho acceso y\/o uso, las Condiciones Generales de Uso aqu\u00ed reflejadas.<\/p>\n\n\n\n<h3 class=\"wp-block-heading\">3. Uso del Portal<\/h3>\n\n\n\n<p><a target=\"_blank\" rel=\"noreferrer noopener\" href=\"https:\/\/peladillocreativo.com\/en\/\">https:\/\/peladillocreativo.com<\/a> proporciona el acceso a multitud de informaciones, servicios o datos (en adelante, \u00ablos contenidos\u00bb) en Internet pertenecientes a <strong>Peladillo Creativo<\/strong>. El USUARIO asume la responsabilidad del uso del portal.<\/p>\n\n\n\n<p id=\"p-rc_b461396382e1fbef-96\">El USUARIO se compromete a hacer un uso adecuado de los contenidos y servicios que <strong>Peladillo Creativo<\/strong> ofrece a trav\u00e9s de su portal y con car\u00e1cter enunciativo pero no limitativo, a no emplearlos para:<sup><\/sup><sup><\/sup><\/p>\n\n\n\n<ol start=\"1\" class=\"wp-block-list\">\n<li>Incurrir en actividades il\u00edcitas, ilegales o contrarias a la buena fe y al orden p\u00fablico.<\/li>\n\n\n\n<li>Difundir contenidos o propaganda de car\u00e1cter racista, xen\u00f3fobo, pornogr\u00e1fico-ilegal, de apolog\u00eda del terrorismo o atentatorio contra los derechos humanos.<\/li>\n\n\n\n<li>Provocar da\u00f1os en los sistemas f\u00edsicos y l\u00f3gicos de <strong>Peladillo Creativo<\/strong>, de sus proveedores o de terceras personas.<\/li>\n<\/ol>\n\n\n\n<h3 class=\"wp-block-heading\">4. Propiedad Intelectual e Industrial<\/h3>\n\n\n\n<p><strong>Peladillo Creativo<\/strong> por s\u00ed o como cesionario, es titular de todos los derechos de propiedad intelectual e industrial de su p\u00e1gina web, as\u00ed como de los elementos contenidos en la misma (a t\u00edtulo enunciativo: im\u00e1genes, sonido, audio, v\u00eddeo, software o textos; marcas o logotipos, combinaciones de colores, estructura y dise\u00f1o, selecci\u00f3n de materiales usados, programas de ordenador necesarios para su funcionamiento, acceso y uso, etc.), titularidad de <strong>Peladillo Creativo<\/strong> o bien de sus licenciantes.<\/p>\n\n\n\n<p><strong>Todos los derechos reservados.<\/strong> Quedan expresamente prohibidas la reproducci\u00f3n, la distribuci\u00f3n y la comunicaci\u00f3n p\u00fablica, incluida su modalidad de puesta a disposici\u00f3n, de la totalidad o parte de los contenidos de esta p\u00e1gina web, con fines comerciales, en cualquier soporte y por cualquier medio t\u00e9cnico, sin la autorizaci\u00f3n de <strong>Peladillo Creativo<\/strong>.<\/p>\n\n\n\n<h3 class=\"wp-block-heading\">5. Exclusi\u00f3n de Garant\u00edas y Responsabilidad<\/h3>\n\n\n\n<p><strong>Peladillo Creativo<\/strong> no se hace responsable, en ning\u00fan caso, de los da\u00f1os y perjuicios de cualquier naturaleza que pudieran ocasionar, a t\u00edtulo enunciativo: errores u omisiones en los contenidos, falta de disponibilidad del portal o la transmisi\u00f3n de virus o programas maliciosos o lesivos en los contenidos, a pesar de haber adoptado todas las medidas tecnol\u00f3gicas necesarias para evitarlo.<\/p>\n\n\n\n<h3 class=\"wp-block-heading\">6. Modificaciones<\/h3>\n\n\n\n<p><strong>Peladillo Creativo<\/strong> se reserva el derecho de efectuar sin previo aviso las modificaciones que considere oportunas en su portal, pudiendo cambiar, suprimir o a\u00f1adir tanto los contenidos y servicios que se presten a trav\u00e9s de la misma como la forma en la que \u00e9stos aparezcan presentados o localizados en su portal.<\/p>\n\n\n\n<h3 class=\"wp-block-heading\">7. Enlaces<\/h3>\n\n\n\n<p>En el caso de que en <a target=\"_blank\" rel=\"noreferrer noopener\" href=\"https:\/\/peladillocreativo.com\/en\/\">https:\/\/peladillocreativo.com<\/a> se dispusiesen enlaces o hiperv\u00ednculos hac\u00eda otros sitios de Internet, <strong>Peladillo Creativo<\/strong> no ejercer\u00e1 ning\u00fan tipo de control sobre dichos sitios y contenidos. En ning\u00fan caso asumir\u00e1 responsabilidad alguna por los contenidos de alg\u00fan enlace perteneciente a un sitio web ajeno.<\/p>\n\n\n\n<h3 class=\"wp-block-heading\">8. Derecho de Exclusi\u00f3n<\/h3>\n\n\n\n<p><strong>Peladillo Creativo<\/strong> se reserva el derecho a denegar o retirar el acceso a portal y\/o los servicios ofrecidos sin necesidad de preaviso, a instancia propia o de un tercero, a aquellos usuarios que incumplan las presentes Condiciones Generales de Uso.<\/p>\n\n\n\n<h3 class=\"wp-block-heading\">9. Legislaci\u00f3n Aplicable y Jurisdicci\u00f3n<\/h3>\n\n\n\n<p>La relaci\u00f3n entre <strong>Peladillo Creativo<\/strong> y el USUARIO se regir\u00e1 por la normativa espa\u00f1ola vigente y cualquier controversia se someter\u00e1 a los Juzgados y tribunales de la ciudad de <strong>Santiago de Compostela<\/strong>, salvo que la ley disponga lo contrario.<\/p>","protected":false},"excerpt":{"rendered":"<p>1. Informaci\u00f3n Identificativa En cumplimiento con el deber de informaci\u00f3n recogido en el art\u00edculo 10 de la Ley 34\/2002, de 11 de julio, de Servicios de la Sociedad de la Informaci\u00f3n y del Comercio Electr\u00f3nico, a continuaci\u00f3n se reflejan los siguientes datos: 2. Usuarios El acceso y\/o uso de este portal de Peladillo Creativo atribuye&#8230;<\/p>","protected":false},"author":1,"featured_media":0,"parent":0,"menu_order":0,"comment_status":"closed","ping_status":"closed","template":"","meta":{"_kad_post_transparent":"","_kad_post_title":"","_kad_post_layout":"","_kad_post_sidebar_id":"","_kad_post_content_style":"","_kad_post_vertical_padding":"","_kad_post_feature":"","_kad_post_feature_position":"","_kad_post_header":false,"_kad_post_footer":false,"_kad_post_classname":"","footnotes":""},"class_list":["post-279","page","type-page","status-publish","hentry"],"yoast_head":"<!-- This site is optimized with the Yoast SEO plugin v27.1.1 - https:\/\/yoast.com\/product\/yoast-seo-wordpress\/ -->\n<title>Aviso Legal - Peladillo Creativo<\/title>\n<meta name=\"description\" content=\"Consulta el aviso legal de Peladillo Creativo. Informaci\u00f3n sobre el titular del sitio web, condiciones de uso, propiedad intelectual y protecci\u00f3n de datos seg\u00fan la LSSI-CE\" \/>\n<meta name=\"robots\" content=\"index, follow, max-snippet:-1, max-image-preview:large, max-video-preview:-1\" \/>\n<link rel=\"canonical\" href=\"https:\/\/peladillocreativo.com\/en\/aviso-legal\/\" \/>\n<meta property=\"og:locale\" content=\"en_GB\" \/>\n<meta property=\"og:type\" content=\"article\" \/>\n<meta property=\"og:title\" content=\"Aviso Legal - Peladillo Creativo\" \/>\n<meta property=\"og:description\" content=\"Consulta el aviso legal de Peladillo Creativo. Informaci\u00f3n sobre el titular del sitio web, condiciones de uso, propiedad intelectual y protecci\u00f3n de datos seg\u00fan la LSSI-CE\" \/>\n<meta property=\"og:url\" content=\"https:\/\/peladillocreativo.com\/en\/aviso-legal\/\" \/>\n<meta property=\"og:site_name\" content=\"Peladillo Creativo\" \/>\n<meta property=\"article:publisher\" content=\"https:\/\/www.facebook.com\/profile.php?id=61573540830902\" \/>\n<meta name=\"twitter:card\" content=\"summary_large_image\" \/>\n<meta name=\"twitter:label1\" content=\"Estimated reading time\" \/>\n\t<meta name=\"twitter:data1\" content=\"3 minutes\" \/>\n<script type=\"application\/ld+json\" class=\"yoast-schema-graph\">{\"@context\":\"https:\/\/schema.org\",\"@graph\":[{\"@type\":\"WebPage\",\"@id\":\"https:\/\/peladillocreativo.com\/aviso-legal\/\",\"url\":\"https:\/\/peladillocreativo.com\/aviso-legal\/\",\"name\":\"Aviso Legal - Peladillo Creativo\",\"isPartOf\":{\"@id\":\"https:\/\/peladillocreativo.com\/#website\"},\"datePublished\":\"2026-02-21T11:29:12+00:00\",\"description\":\"Consulta el aviso legal de Peladillo Creativo. Informaci\u00f3n sobre el titular del sitio web, condiciones de uso, propiedad intelectual y protecci\u00f3n de datos seg\u00fan la LSSI-CE\",\"breadcrumb\":{\"@id\":\"https:\/\/peladillocreativo.com\/aviso-legal\/#breadcrumb\"},\"inLanguage\":\"en-GB\",\"potentialAction\":[{\"@type\":\"ReadAction\",\"target\":[\"https:\/\/peladillocreativo.com\/aviso-legal\/\"]}]},{\"@type\":\"BreadcrumbList\",\"@id\":\"https:\/\/peladillocreativo.com\/aviso-legal\/#breadcrumb\",\"itemListElement\":[{\"@type\":\"ListItem\",\"position\":1,\"name\":\"Home\",\"item\":\"https:\/\/peladillocreativo.com\/\"},{\"@type\":\"ListItem\",\"position\":2,\"name\":\"Aviso Legal\"}]},{\"@type\":\"WebSite\",\"@id\":\"https:\/\/peladillocreativo.com\/#website\",\"url\":\"https:\/\/peladillocreativo.com\/\",\"name\":\"Peladillo Creativo\",\"description\":\"Dise\u00f1o Gr\u00e1fico, Impresi\u00f3n y Publicidad en un Solo Lugar\",\"publisher\":{\"@id\":\"https:\/\/peladillocreativo.com\/#organization\"},\"potentialAction\":[{\"@type\":\"SearchAction\",\"target\":{\"@type\":\"EntryPoint\",\"urlTemplate\":\"https:\/\/peladillocreativo.com\/?s={search_term_string}\"},\"query-input\":{\"@type\":\"PropertyValueSpecification\",\"valueRequired\":true,\"valueName\":\"search_term_string\"}}],\"inLanguage\":\"en-GB\"},{\"@type\":\"Organization\",\"@id\":\"https:\/\/peladillocreativo.com\/#organization\",\"name\":\"Peladillo Creativo\",\"url\":\"https:\/\/peladillocreativo.com\/\",\"logo\":{\"@type\":\"ImageObject\",\"inLanguage\":\"en-GB\",\"@id\":\"https:\/\/peladillocreativo.com\/#\/schema\/logo\/image\/\",\"url\":\"https:\/\/peladillocreativo.com\/wp-content\/uploads\/2025\/05\/logo.png\",\"contentUrl\":\"https:\/\/peladillocreativo.com\/wp-content\/uploads\/2025\/05\/logo.png\",\"width\":400,\"height\":112,\"caption\":\"Peladillo Creativo\"},\"image\":{\"@id\":\"https:\/\/peladillocreativo.com\/#\/schema\/logo\/image\/\"},\"sameAs\":[\"https:\/\/www.facebook.com\/profile.php?id=61573540830902\"]}]}<\/script>\n<!-- \/ Yoast SEO plugin. -->","yoast_head_json":{"title":"Aviso Legal - Peladillo Creativo","description":"Consulta el aviso legal de Peladillo Creativo. Informaci\u00f3n sobre el titular del sitio web, condiciones de uso, propiedad intelectual y protecci\u00f3n de datos seg\u00fan la LSSI-CE","robots":{"index":"index","follow":"follow","max-snippet":"max-snippet:-1","max-image-preview":"max-image-preview:large","max-video-preview":"max-video-preview:-1"},"canonical":"https:\/\/peladillocreativo.com\/en\/aviso-legal\/","og_locale":"en_GB","og_type":"article","og_title":"Aviso Legal - Peladillo Creativo","og_description":"Consulta el aviso legal de Peladillo Creativo. Informaci\u00f3n sobre el titular del sitio web, condiciones de uso, propiedad intelectual y protecci\u00f3n de datos seg\u00fan la LSSI-CE","og_url":"https:\/\/peladillocreativo.com\/en\/aviso-legal\/","og_site_name":"Peladillo Creativo","article_publisher":"https:\/\/www.facebook.com\/profile.php?id=61573540830902","twitter_card":"summary_large_image","twitter_misc":{"Estimated reading time":"3 minutes"},"schema":{"@context":"https:\/\/schema.org","@graph":[{"@type":"WebPage","@id":"https:\/\/peladillocreativo.com\/aviso-legal\/","url":"https:\/\/peladillocreativo.com\/aviso-legal\/","name":"Aviso Legal - Peladillo Creativo","isPartOf":{"@id":"https:\/\/peladillocreativo.com\/#website"},"datePublished":"2026-02-21T11:29:12+00:00","description":"Consulta el aviso legal de Peladillo Creativo. Informaci\u00f3n sobre el titular del sitio web, condiciones de uso, propiedad intelectual y protecci\u00f3n de datos seg\u00fan la LSSI-CE","breadcrumb":{"@id":"https:\/\/peladillocreativo.com\/aviso-legal\/#breadcrumb"},"inLanguage":"en-GB","potentialAction":[{"@type":"ReadAction","target":["https:\/\/peladillocreativo.com\/aviso-legal\/"]}]},{"@type":"BreadcrumbList","@id":"https:\/\/peladillocreativo.com\/aviso-legal\/#breadcrumb","itemListElement":[{"@type":"ListItem","position":1,"name":"Home","item":"https:\/\/peladillocreativo.com\/"},{"@type":"ListItem","position":2,"name":"Aviso Legal"}]},{"@type":"WebSite","@id":"https:\/\/peladillocreativo.com\/#website","url":"https:\/\/peladillocreativo.com\/","name":"Peladillo Creativo","description":"Dise\u00f1o Gr\u00e1fico, Impresi\u00f3n y Publicidad en un Solo Lugar","publisher":{"@id":"https:\/\/peladillocreativo.com\/#organization"},"potentialAction":[{"@type":"SearchAction","target":{"@type":"EntryPoint","urlTemplate":"https:\/\/peladillocreativo.com\/?s={search_term_string}"},"query-input":{"@type":"PropertyValueSpecification","valueRequired":true,"valueName":"search_term_string"}}],"inLanguage":"en-GB"},{"@type":"Organization","@id":"https:\/\/peladillocreativo.com\/#organization","name":"Peladillo Creativo","url":"https:\/\/peladillocreativo.com\/","logo":{"@type":"ImageObject","inLanguage":"en-GB","@id":"https:\/\/peladillocreativo.com\/#\/schema\/logo\/image\/","url":"https:\/\/peladillocreativo.com\/wp-content\/uploads\/2025\/05\/logo.png","contentUrl":"https:\/\/peladillocreativo.com\/wp-content\/uploads\/2025\/05\/logo.png","width":400,"height":112,"caption":"Peladillo Creativo"},"image":{"@id":"https:\/\/peladillocreativo.com\/#\/schema\/logo\/image\/"},"sameAs":["https:\/\/www.facebook.com\/profile.php?id=61573540830902"]}]}},"_links":{"self":[{"href":"https:\/\/peladillocreativo.com\/en\/wp-json\/wp\/v2\/pages\/279","targetHints":{"allow":["GET"]}}],"collection":[{"href":"https:\/\/peladillocreativo.com\/en\/wp-json\/wp\/v2\/pages"}],"about":[{"href":"https:\/\/peladillocreativo.com\/en\/wp-json\/wp\/v2\/types\/page"}],"author":[{"embeddable":true,"href":"https:\/\/peladillocreativo.com\/en\/wp-json\/wp\/v2\/users\/1"}],"replies":[{"embeddable":true,"href":"https:\/\/peladillocreativo.com\/en\/wp-json\/wp\/v2\/comments?post=279"}],"version-history":[{"count":1,"href":"https:\/\/peladillocreativo.com\/en\/wp-json\/wp\/v2\/pages\/279\/revisions"}],"predecessor-version":[{"id":280,"href":"https:\/\/peladillocreativo.com\/en\/wp-json\/wp\/v2\/pages\/279\/revisions\/280"}],"wp:attachment":[{"href":"https:\/\/peladillocreativo.com\/en\/wp-json\/wp\/v2\/media?parent=279"}],"curies":[{"name":"wp","href":"https:\/\/api.w.org\/{rel}","templated":true}]}}